{"id":29135,"date":"2021-06-30T21:04:08","date_gmt":"2021-06-30T19:04:08","guid":{"rendered":"https:\/\/brin-d-eveil.ch\/category\/news\/?page_id=29135"},"modified":"2021-08-26T08:17:34","modified_gmt":"2021-08-26T06:17:34","slug":"pre-inscription","status":"publish","type":"page","link":"https:\/\/brin-d-eveil.ch\/category\/news\/pre-inscription\/","title":{"rendered":"Pr\u00e9-inscription"},"content":{"rendered":"\n<p><em>Quelques pr\u00e9cisions sur le formulaire :<\/em><\/p>\n\n\n\n<ul><li><em>Il n&#8217;est pas n\u00e9cessaire de saisir vos revenus (cela se passe sur kiBon)<\/em><\/li><li><em>Merci de saisir le planning sur une seule semaine (pas de planning diff\u00e9rent selon les semaines, m\u00eame si le formulaire le permet)<\/em><\/li><li><em>Merci de saisir les heures d&#8217;arriv\u00e9e\/d\u00e9part en fonction du <a href=\"https:\/\/brin-d-eveil.ch\/category\/news\/tarifs\/\">type de prise en charge<\/a><\/em><\/li><\/ul>\n\n\n\n<iframe style=\"width:100%;max-width:100%;height:800px\" src=\"https:\/\/brin-d-eveil.meeko.site\/registration\" class=\"\" loading=\"lazy\" frameborder=\"0\" allowfullscreen><\/iframe>\n","protected":false},"excerpt":{"rendered":"<p>Quelques pr\u00e9cisions sur le formulaire : Il n&#8217;est pas n\u00e9cessaire de saisir vos revenus (cela se passe sur kiBon) Merci de saisir le planning sur une seule semaine (pas de planning diff\u00e9rent selon les semaines, m\u00eame si le formulaire le permet) Merci de saisir les heures d&#8217;arriv\u00e9e\/d\u00e9part en fonction du type de prise en charge<\/p>\n","protected":false},"author":1,"featured_media":0,"parent":0,"menu_order":0,"comment_status":"closed","ping_status":"closed","template":"","meta":[],"_links":{"self":[{"href":"https:\/\/brin-d-eveil.ch\/category\/news\/wp-json\/wp\/v2\/pages\/29135"}],"collection":[{"href":"https:\/\/brin-d-eveil.ch\/category\/news\/wp-json\/wp\/v2\/pages"}],"about":[{"href":"https:\/\/brin-d-eveil.ch\/category\/news\/wp-json\/wp\/v2\/types\/page"}],"author":[{"embeddable":true,"href":"https:\/\/brin-d-eveil.ch\/category\/news\/wp-json\/wp\/v2\/users\/1"}],"replies":[{"embeddable":true,"href":"https:\/\/brin-d-eveil.ch\/category\/news\/wp-json\/wp\/v2\/comments?post=29135"}],"version-history":[{"count":29,"href":"https:\/\/brin-d-eveil.ch\/category\/news\/wp-json\/wp\/v2\/pages\/29135\/revisions"}],"predecessor-version":[{"id":29530,"href":"https:\/\/brin-d-eveil.ch\/category\/news\/wp-json\/wp\/v2\/pages\/29135\/revisions\/29530"}],"wp:attachment":[{"href":"https:\/\/brin-d-eveil.ch\/category\/news\/wp-json\/wp\/v2\/media?parent=29135"}],"curies":[{"name":"wp","href":"https:\/\/api.w.org\/{rel}","templated":true}]}}