{"id":29751,"date":"2023-08-09T15:07:57","date_gmt":"2023-08-09T13:07:57","guid":{"rendered":"https:\/\/brin-d-eveil.ch\/category\/news\/?page_id=29751"},"modified":"2025-09-08T14:51:27","modified_gmt":"2025-09-08T12:51:27","slug":"noemie","status":"publish","type":"page","link":"https:\/\/brin-d-eveil.ch\/category\/news\/noemie\/","title":{"rendered":"No\u00e9mie"},"content":{"rendered":"\n<div class=\"wp-block-image is-style-rounded\"><figure class=\"aligncenter size-full\"><img loading=\"lazy\" width=\"266\" height=\"270\" src=\"https:\/\/brin-d-eveil.ch\/wp-content\/uploads\/2024\/07\/NV_rond2e.jpg\" alt=\"\" class=\"wp-image-29845\"\/><\/figure><\/div>\n\n\n\n<blockquote class=\"wp-block-quote justifie\"><p>Je suis maintenant en 3\u00e8me ann\u00e9e d&#8217;apprentissage. Cela fait plus de 2 ans que j&#8217;ai le privil\u00e8ge de travailler \u00e0 Brin d&#8217;\u00e9veil et d&#8217;\u00eatre entour\u00e9e d&#8217;une \u00e9quipe formidable afin de pouvoir atteindre mon objectif qui est d&#8217;obtenir mon CFC d&#8217;ASE. <\/p><p>Ce m\u00e9tier me pla\u00eet toujours autant et je suis motiv\u00e9e \u00e0 continuer ma formation aupr\u00e8s des enfants et \u00e0 leur offrir ce dont ils ont besoin chaque jour. Ce que je trouve fascinant aupr\u00e8s d&#8217;eux, c&#8217;est leur capacit\u00e9 \u00e0 rendre chaque journ\u00e9e diff\u00e9rente et de les voir grandir et \u00e9voluer progressivement.<\/p><cite>No\u00e9mie, apprentie ASE 3\u00e8me ann\u00e9e<\/cite><\/blockquote>\n\n\n\n<p><\/p>\n","protected":false},"excerpt":{"rendered":"<p>Je suis maintenant en 3\u00e8me ann\u00e9e d&#8217;apprentissage. Cela fait plus de 2 ans que j&#8217;ai le privil\u00e8ge de travailler \u00e0 Brin d&#8217;\u00e9veil et d&#8217;\u00eatre entour\u00e9e d&#8217;une \u00e9quipe formidable afin de pouvoir atteindre mon objectif qui est d&#8217;obtenir mon CFC d&#8217;ASE. Ce m\u00e9tier me pla\u00eet toujours autant et je suis motiv\u00e9e \u00e0 continuer ma formation aupr\u00e8s&#46;&#46;&#46;<\/p>\n","protected":false},"author":1,"featured_media":0,"parent":0,"menu_order":0,"comment_status":"closed","ping_status":"closed","template":"","meta":[],"_links":{"self":[{"href":"https:\/\/brin-d-eveil.ch\/category\/news\/wp-json\/wp\/v2\/pages\/29751"}],"collection":[{"href":"https:\/\/brin-d-eveil.ch\/category\/news\/wp-json\/wp\/v2\/pages"}],"about":[{"href":"https:\/\/brin-d-eveil.ch\/category\/news\/wp-json\/wp\/v2\/types\/page"}],"author":[{"embeddable":true,"href":"https:\/\/brin-d-eveil.ch\/category\/news\/wp-json\/wp\/v2\/users\/1"}],"replies":[{"embeddable":true,"href":"https:\/\/brin-d-eveil.ch\/category\/news\/wp-json\/wp\/v2\/comments?post=29751"}],"version-history":[{"count":4,"href":"https:\/\/brin-d-eveil.ch\/category\/news\/wp-json\/wp\/v2\/pages\/29751\/revisions"}],"predecessor-version":[{"id":29959,"href":"https:\/\/brin-d-eveil.ch\/category\/news\/wp-json\/wp\/v2\/pages\/29751\/revisions\/29959"}],"wp:attachment":[{"href":"https:\/\/brin-d-eveil.ch\/category\/news\/wp-json\/wp\/v2\/media?parent=29751"}],"curies":[{"name":"wp","href":"https:\/\/api.w.org\/{rel}","templated":true}]}}